{"id":6256,"date":"2025-04-13T23:08:32","date_gmt":"2025-04-13T21:08:32","guid":{"rendered":"https:\/\/flashtech.at\/werden-sie-unser-partner\/"},"modified":"2025-07-28T09:19:58","modified_gmt":"2025-07-28T07:19:58","slug":"partner-werden","status":"publish","type":"page","link":"https:\/\/flashtech.at\/de\/partner-werden\/","title":{"rendered":"Werden Sie unser Partner"},"content":{"rendered":"\t\t<div data-elementor-type=\"wp-page\" data-elementor-id=\"6256\" class=\"elementor elementor-6256 elementor-4968\" data-elementor-post-type=\"page\">\n\t\t\t\t\t\t<section class=\"elementor-section elementor-top-section elementor-element elementor-element-30af0ffb elementor-section-boxed elementor-section-height-default elementor-section-height-default\" data-id=\"30af0ffb\" data-element_type=\"section\" data-e-type=\"section\">\n\t\t\t\t\t\t<div class=\"elementor-container elementor-column-gap-wider\">\n\t\t\t\t\t<div class=\"elementor-column elementor-col-100 elementor-top-column elementor-element elementor-element-817ded0\" data-id=\"817ded0\" data-element_type=\"column\" data-e-type=\"column\">\n\t\t\t<div class=\"elementor-widget-wrap elementor-element-populated\">\n\t\t\t\t\t\t<div class=\"elementor-element elementor-element-176f3839 elementor-widget elementor-widget-text-editor\" data-id=\"176f3839\" data-element_type=\"widget\" data-e-type=\"widget\" data-widget_type=\"text-editor.default\">\n\t\t\t\t<div class=\"elementor-widget-container\">\n\t\t\t\t\t\t\t\t\t<p>Werden Sie Teil unseres vertrauensw\u00fcrdigen Netzwerks von internationalen Partnern in der Consumer-Electronics-Branche.<\/p><p>Registrieren Sie sich jetzt, um Gesch\u00e4fte mit der Flashtech GmbH zu beginnen.<\/p>\t\t\t\t\t\t\t\t<\/div>\n\t\t\t\t<\/div>\n\t\t\t\t\t<\/div>\n\t\t<\/div>\n\t\t\t\t\t<\/div>\n\t\t<\/section>\n\t\t\t\t<section class=\"elementor-section elementor-top-section elementor-element elementor-element-13d95a7 elementor-section-boxed elementor-section-height-default elementor-section-height-default\" data-id=\"13d95a7\" data-element_type=\"section\" data-e-type=\"section\">\n\t\t\t\t\t\t<div class=\"elementor-container elementor-column-gap-default\">\n\t\t\t\t\t<div class=\"elementor-column elementor-col-100 elementor-top-column elementor-element elementor-element-2ad195df\" data-id=\"2ad195df\" data-element_type=\"column\" data-e-type=\"column\">\n\t\t\t<div class=\"elementor-widget-wrap elementor-element-populated\">\n\t\t\t\t\t\t<div class=\"elementor-element elementor-element-5216926b elementor-button-align-center elementor-widget__width-initial elementor-widget elementor-widget-form\" data-id=\"5216926b\" data-element_type=\"widget\" data-e-type=\"widget\" data-settings=\"{&quot;step_next_label&quot;:&quot;Weiter&quot;,&quot;step_previous_label&quot;:&quot;Zur\\u00fcck&quot;,&quot;step_icon_shape&quot;:&quot;rounded&quot;,&quot;button_width&quot;:&quot;100&quot;,&quot;step_type&quot;:&quot;number_text&quot;}\" data-widget_type=\"form.default\">\n\t\t\t\t<div class=\"elementor-widget-container\">\n\t\t\t\t\t\t\t<form class=\"elementor-form\" method=\"post\" name=\"Neues Formular\" aria-label=\"Neues Formular\">\n\t\t\t<input type=\"hidden\" name=\"post_id\" value=\"6256\"\/>\n\t\t\t<input type=\"hidden\" name=\"form_id\" value=\"5216926b\"\/>\n\t\t\t<input type=\"hidden\" name=\"referer_title\" value=\"Werden Sie unser Partner\" \/>\n\n\t\t\t\t\t\t\t<input type=\"hidden\" name=\"queried_id\" value=\"6256\"\/>\n\t\t\t\n\t\t\t<div class=\"elementor-form-fields-wrapper elementor-labels-above\">\n\t\t\t\t\t\t\t\t<div class=\"elementor-field-type-text elementor-field-group elementor-column elementor-field-group-company_name elementor-col-100 elementor-field-required elementor-mark-required\">\n\t\t\t\t\t\t\t\t\t\t\t\t<label for=\"form-field-company_name\" class=\"elementor-field-label\">\n\t\t\t\t\t\t\t\tFirmenname\t\t\t\t\t\t\t<\/label>\n\t\t\t\t\t\t\t\t\t\t\t\t\t\t<input size=\"1\" type=\"text\" name=\"form_fields[company_name]\" id=\"form-field-company_name\" class=\"elementor-field elementor-size-md  elementor-field-textual\" placeholder=\"Firmenname\" required=\"required\">\n\t\t\t\t\t\t\t\t\t\t\t<\/div>\n\t\t\t\t\t\t\t\t<div class=\"elementor-field-type-select elementor-field-group elementor-column elementor-field-group-country_name elementor-col-100\">\n\t\t\t\t\t\t\t\t\t\t\t\t<label for=\"form-field-country_name\" class=\"elementor-field-label\">\n\t\t\t\t\t\t\t\tLand\t\t\t\t\t\t\t<\/label>\n\t\t\t\t\t\t\t\t<div class=\"elementor-field elementor-select-wrapper remove-before \">\n\t\t\t<div class=\"select-caret-down-wrapper\">\n\t\t\t\t<svg aria-hidden=\"true\" class=\"e-font-icon-svg e-eicon-caret-down\" viewBox=\"0 0 571.4 571.4\" xmlns=\"http:\/\/www.w3.org\/2000\/svg\"><path d=\"M571 393Q571 407 561 418L311 668Q300 679 286 679T261 668L11 418Q0 407 0 393T11 368 36 357H536Q550 357 561 368T571 393Z\"><\/path><\/svg>\t\t\t<\/div>\n\t\t\t<select name=\"form_fields[country_name]\" id=\"form-field-country_name\" class=\"elementor-field-textual elementor-size-md\">\n\t\t\t\t\t\t\t\t\t<option value=\"Land\">Land<\/option>\n\t\t\t\t\t\t\t\t\t<option value=\"Afghanistan \">Afghanistan <\/option>\n\t\t\t\t\t\t\t\t\t<option value=\"Albanien  \">Albanien  <\/option>\n\t\t\t\t\t\t\t\t\t<option value=\"Algerien  \">Algerien  <\/option>\n\t\t\t\t\t\t\t\t\t<option value=\"Andorra \">Andorra <\/option>\n\t\t\t\t\t\t\t\t\t<option value=\"Angola \">Angola <\/option>\n\t\t\t\t\t\t\t\t\t<option value=\"Antigua und Barbuda  \">Antigua und Barbuda  <\/option>\n\t\t\t\t\t\t\t\t\t<option value=\"Argentinien  \">Argentinien  <\/option>\n\t\t\t\t\t\t\t\t\t<option value=\"Armenien  \">Armenien  <\/option>\n\t\t\t\t\t\t\t\t\t<option value=\"Australien  \">Australien  <\/option>\n\t\t\t\t\t\t\t\t\t<option value=\"\u00d6sterreich  \">\u00d6sterreich  <\/option>\n\t\t\t\t\t\t\t\t\t<option value=\"Aserbaidschan  \">Aserbaidschan  <\/option>\n\t\t\t\t\t\t\t\t\t<option value=\"Bahamas \">Bahamas <\/option>\n\t\t\t\t\t\t\t\t\t<option value=\"Bahrain \">Bahrain <\/option>\n\t\t\t\t\t\t\t\t\t<option value=\"Bangladesch  \">Bangladesch  <\/option>\n\t\t\t\t\t\t\t\t\t<option value=\"Barbados \">Barbados <\/option>\n\t\t\t\t\t\t\t\t\t<option value=\"Belarus \">Belarus <\/option>\n\t\t\t\t\t\t\t\t\t<option value=\"Belgien  \">Belgien  <\/option>\n\t\t\t\t\t\t\t\t\t<option value=\"Belize \">Belize <\/option>\n\t\t\t\t\t\t\t\t\t<option value=\"Benin \">Benin <\/option>\n\t\t\t\t\t\t\t\t\t<option value=\"Bhutan \">Bhutan <\/option>\n\t\t\t\t\t\t\t\t\t<option value=\"Bolivien, Plurinationaler Staat  \">Bolivien, Plurinationaler Staat  <\/option>\n\t\t\t\t\t\t\t\t\t<option value=\"Bosnien und Herzegowina  \">Bosnien und Herzegowina  <\/option>\n\t\t\t\t\t\t\t\t\t<option value=\"Botswana \">Botswana <\/option>\n\t\t\t\t\t\t\t\t\t<option value=\"Brasilien  \">Brasilien  <\/option>\n\t\t\t\t\t\t\t\t\t<option value=\"Brunei Darussalam  \">Brunei Darussalam  <\/option>\n\t\t\t\t\t\t\t\t\t<option value=\"Bulgarien  \">Bulgarien  <\/option>\n\t\t\t\t\t\t\t\t\t<option value=\"Burkina Faso \">Burkina Faso <\/option>\n\t\t\t\t\t\t\t\t\t<option value=\"Burundi \">Burundi <\/option>\n\t\t\t\t\t\t\t\t\t<option value=\"Kap Verde \">Kap Verde <\/option>\n\t\t\t\t\t\t\t\t\t<option value=\"Kambodscha  \">Kambodscha  <\/option>\n\t\t\t\t\t\t\t\t\t<option value=\"Kamerun  \">Kamerun  <\/option>\n\t\t\t\t\t\t\t\t\t<option value=\"Kanada  \">Kanada  <\/option>\n\t\t\t\t\t\t\t\t\t<option value=\"Zentralafrikanische Republik  \">Zentralafrikanische Republik  <\/option>\n\t\t\t\t\t\t\t\t\t<option value=\"Tschad  \">Tschad  <\/option>\n\t\t\t\t\t\t\t\t\t<option value=\"Chile \">Chile <\/option>\n\t\t\t\t\t\t\t\t\t<option value=\"China \">China <\/option>\n\t\t\t\t\t\t\t\t\t<option value=\"Kolumbien  \">Kolumbien  <\/option>\n\t\t\t\t\t\t\t\t\t<option value=\"Komoren  \">Komoren  <\/option>\n\t\t\t\t\t\t\t\t\t<option value=\"Kongo  \">Kongo  <\/option>\n\t\t\t\t\t\t\t\t\t<option value=\"Kongo, Demokratische Republik  \">Kongo, Demokratische Republik  <\/option>\n\t\t\t\t\t\t\t\t\t<option value=\"Costa Rica \">Costa Rica <\/option>\n\t\t\t\t\t\t\t\t\t<option value=\"Kroatien  \">Kroatien  <\/option>\n\t\t\t\t\t\t\t\t\t<option value=\"Kuba  \">Kuba  <\/option>\n\t\t\t\t\t\t\t\t\t<option value=\"Zypern  \">Zypern  <\/option>\n\t\t\t\t\t\t\t\t\t<option value=\"Tschechische Republik  \">Tschechische Republik  <\/option>\n\t\t\t\t\t\t\t\t\t<option value=\"D\u00e4nemark  \">D\u00e4nemark  <\/option>\n\t\t\t\t\t\t\t\t\t<option value=\"Dschibuti  \">Dschibuti  <\/option>\n\t\t\t\t\t\t\t\t\t<option value=\"Dominica \">Dominica <\/option>\n\t\t\t\t\t\t\t\t\t<option value=\"Dominikanische Republik  \">Dominikanische Republik  <\/option>\n\t\t\t\t\t\t\t\t\t<option value=\"Ecuador \">Ecuador <\/option>\n\t\t\t\t\t\t\t\t\t<option value=\"\u00c4gypten  \">\u00c4gypten  <\/option>\n\t\t\t\t\t\t\t\t\t<option value=\"El Salvador \">El Salvador <\/option>\n\t\t\t\t\t\t\t\t\t<option value=\"\u00c4quatorialguinea  \">\u00c4quatorialguinea  <\/option>\n\t\t\t\t\t\t\t\t\t<option value=\"Eritrea \">Eritrea <\/option>\n\t\t\t\t\t\t\t\t\t<option value=\"Estland  \">Estland  <\/option>\n\t\t\t\t\t\t\t\t\t<option value=\"Eswatini \">Eswatini <\/option>\n\t\t\t\t\t\t\t\t\t<option value=\"\u00c4thiopien  \">\u00c4thiopien  <\/option>\n\t\t\t\t\t\t\t\t\t<option value=\"Fidschi  \">Fidschi  <\/option>\n\t\t\t\t\t\t\t\t\t<option value=\"Finnland  \">Finnland  <\/option>\n\t\t\t\t\t\t\t\t\t<option value=\"Frankreich  \">Frankreich  <\/option>\n\t\t\t\t\t\t\t\t\t<option value=\"Gabun  \">Gabun  <\/option>\n\t\t\t\t\t\t\t\t\t<option value=\"Gambia \">Gambia <\/option>\n\t\t\t\t\t\t\t\t\t<option value=\"Georgien  \">Georgien  <\/option>\n\t\t\t\t\t\t\t\t\t<option value=\"Deutschland  \">Deutschland  <\/option>\n\t\t\t\t\t\t\t\t\t<option value=\"Ghana \">Ghana <\/option>\n\t\t\t\t\t\t\t\t\t<option value=\"Griechenland  \">Griechenland  <\/option>\n\t\t\t\t\t\t\t\t\t<option value=\"Grenada \">Grenada <\/option>\n\t\t\t\t\t\t\t\t\t<option value=\"Guatemala \">Guatemala <\/option>\n\t\t\t\t\t\t\t\t\t<option value=\"Guinea \">Guinea <\/option>\n\t\t\t\t\t\t\t\t\t<option value=\"Guinea-Bissau \">Guinea-Bissau <\/option>\n\t\t\t\t\t\t\t\t\t<option value=\"Guyana \">Guyana <\/option>\n\t\t\t\t\t\t\t\t\t<option value=\"Haiti \">Haiti <\/option>\n\t\t\t\t\t\t\t\t\t<option value=\"Honduras \">Honduras <\/option>\n\t\t\t\t\t\t\t\t\t<option value=\"Ungarn  \">Ungarn  <\/option>\n\t\t\t\t\t\t\t\t\t<option value=\"Island  \">Island  <\/option>\n\t\t\t\t\t\t\t\t\t<option value=\"Indien  \">Indien  <\/option>\n\t\t\t\t\t\t\t\t\t<option value=\"Indonesien  \">Indonesien  <\/option>\n\t\t\t\t\t\t\t\t\t<option value=\"Iran, Islamische Republik  \">Iran, Islamische Republik  <\/option>\n\t\t\t\t\t\t\t\t\t<option value=\"Irak  \">Irak  <\/option>\n\t\t\t\t\t\t\t\t\t<option value=\"Irland  \">Irland  <\/option>\n\t\t\t\t\t\t\t\t\t<option value=\"Israel \">Israel <\/option>\n\t\t\t\t\t\t\t\t\t<option value=\"Italien  \">Italien  <\/option>\n\t\t\t\t\t\t\t\t\t<option value=\"Jamaika  \">Jamaika  <\/option>\n\t\t\t\t\t\t\t\t\t<option value=\"Japan \">Japan <\/option>\n\t\t\t\t\t\t\t\t\t<option value=\"Jordanien  \">Jordanien  <\/option>\n\t\t\t\t\t\t\t\t\t<option value=\"Kasachstan  \">Kasachstan  <\/option>\n\t\t\t\t\t\t\t\t\t<option value=\"Kenia  \">Kenia  <\/option>\n\t\t\t\t\t\t\t\t\t<option value=\"Kiribati \">Kiribati <\/option>\n\t\t\t\t\t\t\t\t\t<option value=\"Korea, Republik  \">Korea, Republik  <\/option>\n\t\t\t\t\t\t\t\t\t<option value=\"Kuwait \">Kuwait <\/option>\n\t\t\t\t\t\t\t\t\t<option value=\"Kirgisistan  \">Kirgisistan  <\/option>\n\t\t\t\t\t\t\t\t\t<option value=\"Laos, Demokratische Volksrepublik  \">Laos, Demokratische Volksrepublik  <\/option>\n\t\t\t\t\t\t\t\t\t<option value=\"Lettland  \">Lettland  <\/option>\n\t\t\t\t\t\t\t\t\t<option value=\"Libanon  \">Libanon  <\/option>\n\t\t\t\t\t\t\t\t\t<option value=\"Lesotho \">Lesotho <\/option>\n\t\t\t\t\t\t\t\t\t<option value=\"Liberia \">Liberia <\/option>\n\t\t\t\t\t\t\t\t\t<option value=\"Libyen  \">Libyen  <\/option>\n\t\t\t\t\t\t\t\t\t<option value=\"Liechtenstein \">Liechtenstein <\/option>\n\t\t\t\t\t\t\t\t\t<option value=\"Litauen  \">Litauen  <\/option>\n\t\t\t\t\t\t\t\t\t<option value=\"Luxemburg  \">Luxemburg  <\/option>\n\t\t\t\t\t\t\t\t\t<option value=\"Madagaskar  \">Madagaskar  <\/option>\n\t\t\t\t\t\t\t\t\t<option value=\"Malawi \">Malawi <\/option>\n\t\t\t\t\t\t\t\t\t<option value=\"Malaysia \">Malaysia <\/option>\n\t\t\t\t\t\t\t\t\t<option value=\"Malediven  \">Malediven  <\/option>\n\t\t\t\t\t\t\t\t\t<option value=\"Mali \">Mali <\/option>\n\t\t\t\t\t\t\t\t\t<option value=\"Malta \">Malta <\/option>\n\t\t\t\t\t\t\t\t\t<option value=\"Marshallinseln  \">Marshallinseln  <\/option>\n\t\t\t\t\t\t\t\t\t<option value=\"Mauretanien  \">Mauretanien  <\/option>\n\t\t\t\t\t\t\t\t\t<option value=\"Mauritius \">Mauritius <\/option>\n\t\t\t\t\t\t\t\t\t<option value=\"Mexiko  \">Mexiko  <\/option>\n\t\t\t\t\t\t\t\t\t<option value=\"Mikronesien, F\u00f6derierte Staaten von  \">Mikronesien, F\u00f6derierte Staaten von  <\/option>\n\t\t\t\t\t\t\t\t\t<option value=\"Moldau, Republik  \">Moldau, Republik  <\/option>\n\t\t\t\t\t\t\t\t\t<option value=\"Monaco \">Monaco <\/option>\n\t\t\t\t\t\t\t\t\t<option value=\"Mongolei  \">Mongolei  <\/option>\n\t\t\t\t\t\t\t\t\t<option value=\"Montenegro \">Montenegro <\/option>\n\t\t\t\t\t\t\t\t\t<option value=\"Marokko  \">Marokko  <\/option>\n\t\t\t\t\t\t\t\t\t<option value=\"Mosambik  \">Mosambik  <\/option>\n\t\t\t\t\t\t\t\t\t<option value=\"Myanmar \">Myanmar <\/option>\n\t\t\t\t\t\t\t\t\t<option value=\"Namibia \">Namibia <\/option>\n\t\t\t\t\t\t\t\t\t<option value=\"Nauru \">Nauru <\/option>\n\t\t\t\t\t\t\t\t\t<option value=\"Nepal \">Nepal <\/option>\n\t\t\t\t\t\t\t\t\t<option value=\"Niederlande  \">Niederlande  <\/option>\n\t\t\t\t\t\t\t\t\t<option value=\"Neuseeland  \">Neuseeland  <\/option>\n\t\t\t\t\t\t\t\t\t<option value=\"Nicaragua \">Nicaragua <\/option>\n\t\t\t\t\t\t\t\t\t<option value=\"Niger \">Niger <\/option>\n\t\t\t\t\t\t\t\t\t<option value=\"Nigeria \">Nigeria <\/option>\n\t\t\t\t\t\t\t\t\t<option value=\"Nordmazedonien  \">Nordmazedonien  <\/option>\n\t\t\t\t\t\t\t\t\t<option value=\"Norwegen  \">Norwegen  <\/option>\n\t\t\t\t\t\t\t\t\t<option value=\"Oman \">Oman <\/option>\n\t\t\t\t\t\t\t\t\t<option value=\"Pakistan \">Pakistan <\/option>\n\t\t\t\t\t\t\t\t\t<option value=\"Palau \">Palau <\/option>\n\t\t\t\t\t\t\t\t\t<option value=\"Panama \">Panama <\/option>\n\t\t\t\t\t\t\t\t\t<option value=\"Papua-Neuguinea  \">Papua-Neuguinea  <\/option>\n\t\t\t\t\t\t\t\t\t<option value=\"Paraguay \">Paraguay <\/option>\n\t\t\t\t\t\t\t\t\t<option value=\"Peru \">Peru <\/option>\n\t\t\t\t\t\t\t\t\t<option value=\"Philippinen  \">Philippinen  <\/option>\n\t\t\t\t\t\t\t\t\t<option value=\"Polen  \">Polen  <\/option>\n\t\t\t\t\t\t\t\t\t<option value=\"Portugal \">Portugal <\/option>\n\t\t\t\t\t\t\t\t\t<option value=\"Katar  \">Katar  <\/option>\n\t\t\t\t\t\t\t\t\t<option value=\"Rum\u00e4nien  \">Rum\u00e4nien  <\/option>\n\t\t\t\t\t\t\t\t\t<option value=\"Russische F\u00f6deration  \">Russische F\u00f6deration  <\/option>\n\t\t\t\t\t\t\t\t\t<option value=\"Ruanda  \">Ruanda  <\/option>\n\t\t\t\t\t\t\t\t\t<option value=\"St. Kitts und Nevis  \">St. Kitts und Nevis  <\/option>\n\t\t\t\t\t\t\t\t\t<option value=\"St. Lucia  \">St. Lucia  <\/option>\n\t\t\t\t\t\t\t\t\t<option value=\"St. Vincent und die Grenadinen  \">St. Vincent und die Grenadinen  <\/option>\n\t\t\t\t\t\t\t\t\t<option value=\"Samoa \">Samoa <\/option>\n\t\t\t\t\t\t\t\t\t<option value=\"San Marino \">San Marino <\/option>\n\t\t\t\t\t\t\t\t\t<option value=\"S\u00e3o Tom\u00e9 und Pr\u00edncipe  \">S\u00e3o Tom\u00e9 und Pr\u00edncipe  <\/option>\n\t\t\t\t\t\t\t\t\t<option value=\"Saudi-Arabien  \">Saudi-Arabien  <\/option>\n\t\t\t\t\t\t\t\t\t<option value=\"Senegal \">Senegal <\/option>\n\t\t\t\t\t\t\t\t\t<option value=\"Serbien  \">Serbien  <\/option>\n\t\t\t\t\t\t\t\t\t<option value=\"Seychellen  \">Seychellen  <\/option>\n\t\t\t\t\t\t\t\t\t<option value=\"Sierra Leone \">Sierra Leone <\/option>\n\t\t\t\t\t\t\t\t\t<option value=\"Singapur  \">Singapur  <\/option>\n\t\t\t\t\t\t\t\t\t<option value=\"Slowakei  \">Slowakei  <\/option>\n\t\t\t\t\t\t\t\t\t<option value=\"Slowenien  \">Slowenien  <\/option>\n\t\t\t\t\t\t\t\t\t<option value=\"Salomonen  \">Salomonen  <\/option>\n\t\t\t\t\t\t\t\t\t<option value=\"Somalia \">Somalia <\/option>\n\t\t\t\t\t\t\t\t\t<option value=\"S\u00fcdafrika  \">S\u00fcdafrika  <\/option>\n\t\t\t\t\t\t\t\t\t<option value=\"S\u00fcdsudan  \">S\u00fcdsudan  <\/option>\n\t\t\t\t\t\t\t\t\t<option value=\"Spanien  \">Spanien  <\/option>\n\t\t\t\t\t\t\t\t\t<option value=\"Sri Lanka \">Sri Lanka <\/option>\n\t\t\t\t\t\t\t\t\t<option value=\"Sudan \">Sudan <\/option>\n\t\t\t\t\t\t\t\t\t<option value=\"Suriname \">Suriname <\/option>\n\t\t\t\t\t\t\t\t\t<option value=\"Schweden  \">Schweden  <\/option>\n\t\t\t\t\t\t\t\t\t<option value=\"Schweiz  \">Schweiz  <\/option>\n\t\t\t\t\t\t\t\t\t<option value=\"Syrische Arabische Republik  \">Syrische Arabische Republik  <\/option>\n\t\t\t\t\t\t\t\t\t<option value=\"Tadschikistan  \">Tadschikistan  <\/option>\n\t\t\t\t\t\t\t\t\t<option value=\"Vereinigte Republik Tansania  \">Vereinigte Republik Tansania  <\/option>\n\t\t\t\t\t\t\t\t\t<option value=\"Thailand \">Thailand <\/option>\n\t\t\t\t\t\t\t\t\t<option value=\"Timor-Leste \">Timor-Leste <\/option>\n\t\t\t\t\t\t\t\t\t<option value=\"Togo \">Togo <\/option>\n\t\t\t\t\t\t\t\t\t<option value=\"Tonga \">Tonga <\/option>\n\t\t\t\t\t\t\t\t\t<option value=\"Trinidad und Tobago  \">Trinidad und Tobago  <\/option>\n\t\t\t\t\t\t\t\t\t<option value=\"Tunesien  \">Tunesien  <\/option>\n\t\t\t\t\t\t\t\t\t<option value=\"T\u00fcrkei  \">T\u00fcrkei  <\/option>\n\t\t\t\t\t\t\t\t\t<option value=\"Turkmenistan \">Turkmenistan <\/option>\n\t\t\t\t\t\t\t\t\t<option value=\"Tuvalu \">Tuvalu <\/option>\n\t\t\t\t\t\t\t\t\t<option value=\"Uganda \">Uganda <\/option>\n\t\t\t\t\t\t\t\t\t<option value=\"Ukraine \">Ukraine <\/option>\n\t\t\t\t\t\t\t\t\t<option value=\"Vereinigte Arabische Emirate  \">Vereinigte Arabische Emirate  <\/option>\n\t\t\t\t\t\t\t\t\t<option value=\"Vereinigtes K\u00f6nigreich  \">Vereinigtes K\u00f6nigreich  <\/option>\n\t\t\t\t\t\t\t\t\t<option value=\"Vereinigte Staaten  \">Vereinigte Staaten  <\/option>\n\t\t\t\t\t\t\t\t\t<option value=\"Uruguay \">Uruguay <\/option>\n\t\t\t\t\t\t\t\t\t<option value=\"Usbekistan  \">Usbekistan  <\/option>\n\t\t\t\t\t\t\t\t\t<option value=\"Vanuatu \">Vanuatu <\/option>\n\t\t\t\t\t\t\t\t\t<option value=\"Bolivarische Republik Venezuela  \">Bolivarische Republik Venezuela  <\/option>\n\t\t\t\t\t\t\t\t\t<option value=\"Vietnam  \">Vietnam  <\/option>\n\t\t\t\t\t\t\t\t\t<option value=\"Jemen  \">Jemen  <\/option>\n\t\t\t\t\t\t\t\t\t<option value=\"Sambia  \">Sambia  <\/option>\n\t\t\t\t\t\t\t\t\t<option value=\"Simbabwe  \">Simbabwe  <\/option>\n\t\t\t\t\t\t\t<\/select>\n\t\t<\/div>\n\t\t\t\t\t\t<\/div>\n\t\t\t\t\t\t\t\t<div class=\"elementor-field-type-text elementor-field-group elementor-column elementor-field-group-vat_number elementor-col-100\">\n\t\t\t\t\t\t\t\t\t\t\t\t<label for=\"form-field-vat_number\" class=\"elementor-field-label\">\n\t\t\t\t\t\t\t\tUID-Nummer\t\t\t\t\t\t\t<\/label>\n\t\t\t\t\t\t\t\t\t\t\t\t\t\t<input size=\"1\" type=\"text\" name=\"form_fields[vat_number]\" id=\"form-field-vat_number\" class=\"elementor-field elementor-size-md  elementor-field-textual\" placeholder=\"UID-Nummer\">\n\t\t\t\t\t\t\t\t\t\t\t<\/div>\n\t\t\t\t\t\t\t\t<div class=\"elementor-field-type-text elementor-field-group elementor-column elementor-field-group-website elementor-col-100\">\n\t\t\t\t\t\t\t\t\t\t\t\t<label for=\"form-field-website\" class=\"elementor-field-label\">\n\t\t\t\t\t\t\t\tWebseite\t\t\t\t\t\t\t<\/label>\n\t\t\t\t\t\t\t\t\t\t\t\t\t\t<input size=\"1\" type=\"text\" name=\"form_fields[website]\" id=\"form-field-website\" class=\"elementor-field elementor-size-md  elementor-field-textual\" placeholder=\"Webseite\">\n\t\t\t\t\t\t\t\t\t\t\t<\/div>\n\t\t\t\t\t\t\t\t<div class=\"elementor-field-type-text elementor-field-group elementor-column elementor-field-group-contact_person elementor-col-100 elementor-field-required elementor-mark-required\">\n\t\t\t\t\t\t\t\t\t\t\t\t<label for=\"form-field-contact_person\" class=\"elementor-field-label\">\n\t\t\t\t\t\t\t\tKontaktperson (Name, Position)\t\t\t\t\t\t\t<\/label>\n\t\t\t\t\t\t\t\t\t\t\t\t\t\t<input size=\"1\" type=\"text\" name=\"form_fields[contact_person]\" id=\"form-field-contact_person\" class=\"elementor-field elementor-size-md  elementor-field-textual\" placeholder=\"Kontaktperson (Name, Position)\" required=\"required\">\n\t\t\t\t\t\t\t\t\t\t\t<\/div>\n\t\t\t\t\t\t\t\t<div class=\"elementor-field-type-email elementor-field-group elementor-column elementor-field-group-contact_email elementor-col-100 elementor-field-required elementor-mark-required\">\n\t\t\t\t\t\t\t\t\t\t\t\t<label for=\"form-field-contact_email\" class=\"elementor-field-label\">\n\t\t\t\t\t\t\t\tKontakt-E-Mail\t\t\t\t\t\t\t<\/label>\n\t\t\t\t\t\t\t\t\t\t\t\t\t\t<input size=\"1\" type=\"email\" name=\"form_fields[contact_email]\" id=\"form-field-contact_email\" class=\"elementor-field elementor-size-md  elementor-field-textual\" placeholder=\"Kontakt-E-Mail\" required=\"required\">\n\t\t\t\t\t\t\t\t\t\t\t<\/div>\n\t\t\t\t\t\t\t\t<div class=\"elementor-field-type-tel elementor-field-group elementor-column elementor-field-group-contact_phone elementor-col-100 elementor-field-required elementor-mark-required\">\n\t\t\t\t\t\t\t\t\t\t\t\t<label for=\"form-field-contact_phone\" class=\"elementor-field-label\">\n\t\t\t\t\t\t\t\tKontakt-Telefonnummer\t\t\t\t\t\t\t<\/label>\n\t\t\t\t\t\t\t\t<input size=\"1\" type=\"tel\" name=\"form_fields[contact_phone]\" id=\"form-field-contact_phone\" class=\"elementor-field elementor-size-md  elementor-field-textual\" placeholder=\"Kontakt-Telefonnummer\" required=\"required\" pattern=\"[0-9()#&amp;+*-=.]+\" title=\"Only numbers and phone characters (#, -, *, etc) are accepted.\">\n\n\t\t\t\t\t\t<\/div>\n\t\t\t\t\t\t\t\t<div class=\"elementor-field-type-textarea elementor-field-group elementor-column elementor-field-group-message elementor-col-100 elementor-field-required elementor-mark-required\">\n\t\t\t\t\t\t\t\t\t\t\t\t<label for=\"form-field-message\" class=\"elementor-field-label\">\n\t\t\t\t\t\t\t\tNachricht\t\t\t\t\t\t\t<\/label>\n\t\t\t\t\t\t<textarea class=\"elementor-field-textual elementor-field  elementor-size-md\" name=\"form_fields[message]\" id=\"form-field-message\" rows=\"6\" placeholder=\"Nachricht\" required=\"required\"><\/textarea>\t\t\t\t<\/div>\n\t\t\t\t\t\t\t\t<div class=\"elementor-field-type-acceptance elementor-field-group elementor-column elementor-field-group-field_ff0718c3 elementor-col-100 elementor-field-required elementor-mark-required\">\n\t\t\t\t\t\t\t<div class=\"elementor-field-subgroup\">\n\t\t\t<span class=\"elementor-field-option\">\n\t\t\t\t<input type=\"checkbox\" name=\"form_fields[field_ff0718c3]\" id=\"form-field-field_ff0718c3\" class=\"elementor-field elementor-size-md  elementor-acceptance-field\" required=\"required\">\n\t\t\t\t<label for=\"form-field-field_ff0718c3\">AGB akzeptieren<\/label>\t\t\t<\/span>\n\t\t<\/div>\n\t\t\t\t\t\t<\/div>\n\t\t\t\t\t\t\t\t<div class=\"elementor-field-type-recaptcha_v3 elementor-field-group elementor-column elementor-field-group-field_1a18d93 elementor-col-100 recaptcha_v3-inline\">\n\t\t\t\t\t<div class=\"elementor-field\" id=\"form-field-field_1a18d93\"><div class=\"elementor-g-recaptcha\" data-sitekey=\"6LcdR5ErAAAAAFCSFa6L1ItwBjklLCJl-Hm4R-Wj\" data-type=\"v3\" data-action=\"Form\" data-badge=\"inline\" data-size=\"invisible\"><\/div><\/div>\t\t\t\t<\/div>\n\t\t\t\t\t\t\t\t<div class=\"elementor-field-group elementor-column elementor-field-type-submit elementor-col-100 e-form__buttons\">\n\t\t\t\t\t<button class=\"elementor-button elementor-size-xl\" type=\"submit\">\n\t\t\t\t\t\t<span class=\"elementor-button-content-wrapper\">\n\t\t\t\t\t\t\t\t\t\t\t\t\t\t\t\t\t\t\t\t\t\t<span class=\"elementor-button-text\">Nachricht senden<\/span>\n\t\t\t\t\t\t\t\t\t\t\t\t\t<\/span>\n\t\t\t\t\t<\/button>\n\t\t\t\t<\/div>\n\t\t\t<\/div>\n\t\t<\/form>\n\t\t\t\t\t\t<\/div>\n\t\t\t\t<\/div>\n\t\t\t\t\t<\/div>\n\t\t<\/div>\n\t\t\t\t\t<\/div>\n\t\t<\/section>\n\t\t\t\t<\/div>\n\t\t","protected":false},"excerpt":{"rendered":"<p>Werden Sie Teil unseres vertrauensw\u00fcrdigen Netzwerks von internationalen Partnern in der Consumer-Electronics-Branche. Registrieren Sie sich jetzt, um Gesch\u00e4fte mit der Flashtech GmbH zu beginnen.<\/p>\n","protected":false},"author":1,"featured_media":0,"parent":0,"menu_order":0,"comment_status":"closed","ping_status":"closed","template":"","meta":{"footnotes":""},"class_list":["post-6256","page","type-page","status-publish","hentry"],"_links":{"self":[{"href":"https:\/\/flashtech.at\/de\/wp-json\/wp\/v2\/pages\/6256","targetHints":{"allow":["GET"]}}],"collection":[{"href":"https:\/\/flashtech.at\/de\/wp-json\/wp\/v2\/pages"}],"about":[{"href":"https:\/\/flashtech.at\/de\/wp-json\/wp\/v2\/types\/page"}],"author":[{"embeddable":true,"href":"https:\/\/flashtech.at\/de\/wp-json\/wp\/v2\/users\/1"}],"replies":[{"embeddable":true,"href":"https:\/\/flashtech.at\/de\/wp-json\/wp\/v2\/comments?post=6256"}],"version-history":[{"count":8,"href":"https:\/\/flashtech.at\/de\/wp-json\/wp\/v2\/pages\/6256\/revisions"}],"predecessor-version":[{"id":6382,"href":"https:\/\/flashtech.at\/de\/wp-json\/wp\/v2\/pages\/6256\/revisions\/6382"}],"wp:attachment":[{"href":"https:\/\/flashtech.at\/de\/wp-json\/wp\/v2\/media?parent=6256"}],"curies":[{"name":"wp","href":"https:\/\/api.w.org\/{rel}","templated":true}]}}